{"id":1735,"date":"2026-02-21T14:29:58","date_gmt":"2026-02-21T13:29:58","guid":{"rendered":"https:\/\/www.birkeakademie.online\/?post_type=product&#038;p=1735"},"modified":"2026-04-02T15:52:03","modified_gmt":"2026-04-02T14:52:03","slug":"online-seminar-effizientes-lieferanten-und-dienstleistermanagement-24-11-2026","status":"publish","type":"product","link":"https:\/\/www.birkeakademie.online\/?product=online-seminar-effizientes-lieferanten-und-dienstleistermanagement-24-11-2026","title":{"rendered":"Online-Seminar: Effizientes Lieferanten- und Dienstleistermanagement, 24.11.26"},"content":{"rendered":"<p><strong>Online-Seminar: Effizientes Lieferanten- und Dienstleistermanagement<\/strong><br \/>\n<span style=\"color: #09ce06;\">\u2714<\/span> Aktuelle und praxisbew\u00e4hrte Methoden,<br \/>\n<span style=\"color: #09ce06;\">\u2714<\/span> f\u00fcr ein flexibles Lieferanten- und Dienstleistermanagement.<\/p>\n<p>Erf\u00fcllen Ihre Lieferanten und Dienstleister wirklich alle Qualit\u00e4tsvorgaben, auch die vielseitigen Anforderungen des IFS 8, BRCGS 9 oder FSSC 22000?<\/p>\n<p>In unserem Online-Seminar erfahren Sie, wie Sie Gefahrenanalysen und Risikobewertungen zuverl\u00e4ssig verifizieren und Ihre Lieferantenaudits durch praxiserprobte Ans\u00e4tze sp\u00fcrbar effizienter gestalten. Wir zeigen Ihnen, wie Sie die Qualit\u00e4t Ihrer Rohstoffe und Partner effektiv \u00fcberwachen, ohne den \u00dcberblick zu verlieren.<\/p>\n<p><strong><span style=\"color: #34495e;\">Das nehmen Sie zus\u00e4tzlich mit:<\/span><\/strong><\/p>\n<ul>\n<li>Krisensicherheit: Frische Ans\u00e4tze f\u00fcr L\u00f6sungen bei Lieferengp\u00e4ssen.<\/li>\n<li>Zukunftsthemen:<span style=\"font-size: 1rem;\"> So integrieren Sie Nachhaltigkeit und soziale Verantwortung gezielt in Ihre Strategie.<\/span><\/li>\n<li>Hilfreiches Know-how:<span style=\"font-size: 1rem;\"> Wir gehen ins Detail beim IFS-Supply Chain Process-Check, damit Sie die Anforderungen sicher und praxisnah in Ihren Alltag \u00fcbertragen<\/span><\/li>\n<\/ul>\n<p><strong><span style=\"color: #34495e;\">Ihr aktuelles Wissen aus unserem Online-Seminar:<\/span><\/strong><\/p>\n<ul>\n<li>Wie Sie ihr Lieferanten- und Dienstleistermanagement erfolgreich an die aktuellen Anforderungen von Kunden und Markt anpassen<\/li>\n<li>Die Gefahren- und Risikobewertungen pr\u00e4zise verifizieren und stets aktuell halten<\/li>\n<li>die Qualit\u00e4t Ihrer Rohstoffe und Partner durch effektive Wirksamkeitskontrollen \u00fcberwachen<\/li>\n<li>Wichtige Klauseln f\u00fcr Lieferanten-, Dienstleistervereinbarungen und Zulassungskriterien beachten<\/li>\n<li>Die Kommunikation zwischen Qualit\u00e4tsmanagement, Einkauf und Lieferanten gezielt verbessern<\/li>\n<li>ihre Lieferantenaudits effizienter durchf\u00fchren<\/li>\n<li>Ma\u00dfnahmen termingerecht und im Einklang mit den Lieferanten erledigen<\/li>\n<li>Krisen-Situationen sicher bew\u00e4ltigen und die Lieferf\u00e4higkeit auch bei unvorhergesehenen Situationen optimal l\u00f6sen<\/li>\n<li>Die Vorgabe \u201eGFSI zertifizierte Lieferanten\u201c praxisgerecht umsetzen<\/li>\n<li>Die Forderungen der Hauptstandards IFS 8, IFS-Broker V3.2, BRCGS 9 und FSSC 22000, Version 6 an ein Lieferanten- &amp; Dienstleistermanagement verst\u00e4ndlich interpretieren und umsetzen<\/li>\n<li>die Themen \u201eNachhaltigkeit\u201c und \u201esoziale Verantwortung\u201c gezielt in ihrem Lieferanten- und Dienstleistermanagement integrieren<\/li>\n<li>Der IFS-Supply Chain Process-Check und wie Sie die Anforderungen vollst\u00e4ndig umsetzen<\/li>\n<\/ul>\n<p>Inklusive Praxis\u00fcbung Lieferanten-Risikobewertung und wie Sie Lieferanten pr\u00e4zise bewerten und fundiert einzustufen.<\/p>\n<p>Nutzen Sie das frische Wissen und die praxisbew\u00e4hrten Methoden um Ihr Lieferantenmanagement flexibel und bedarfsorientiert zu steuern.<\/p>\n<p>Nach dem Online-Seminar erhalten Sie Ihr pers\u00f6nliches Weiterbildungs-Zertifikat.<br \/>\nSichern Sie sich ihren Platz f\u00fcr den 24.11.2026.<\/p>\n<p>Die Teilnahme am Online-Seminar ist einfach per Internet-Browser m\u00f6glich.<br \/>\nEs ist keine Installation notwendig. Detaillierte Informationen zu ihrer Teilnahme, erhalten Sie von uns vor Seminarbeginn.<\/p>\n","protected":false},"excerpt":{"rendered":"<p>&nbsp;<\/p>\n<p>Mit Dr. Norbert Kolb<\/p>\n<ul>\n<li>Lieferanten- und Dienstleistermanagement erfolgreich an die aktuellen Anforderungen von Kunden und Markt anpassen<\/li>\n<li>Die Gefahren- und Risikobewertungen pr\u00e4zise verifizieren und stets aktuell halten<\/li>\n<li>Die Qualit\u00e4t Ihrer Rohstoffe und Partner durch effektive Wirksamkeitskontrollen \u00fcberwachen<\/li>\n<li>Wichtige Klauseln f\u00fcr Lieferanten-, Dienstleistervereinbarungen und Zulassungskriterien beachten<\/li>\n<li>Ihre Lieferantenaudits effizienter durchf\u00fchren<\/li>\n<li>Ma\u00dfnahmen termingerecht und im Einklang mit den Lieferanten erledigen<\/li>\n<li>Krisen-Situationen sicher bew\u00e4ltigen und die Lieferf\u00e4higkeit auch bei unvorhergesehenen Situationen optimal l\u00f6sen<\/li>\n<li>Die Vorgabe \u201eGFSI zertifizierte Lieferanten\u201c praxisgerecht umsetzen<\/li>\n<li>Die Forderungen des IFS 8, IFS-Broker V3.2, BRC 9 und FSSC 22000, Version 6 an ein Lieferanten- &amp; Dienstleistermanagement verst\u00e4ndlich interpretieren und umsetzen<\/li>\n<li>Die Themen \u201eNachhaltigkeit\u201c und \u201esoziale Verantwortung\u201c gezielt in ihrem Lieferanten- und Dienstleistermanagement integrieren<\/li>\n<li>Der IFS-Supply Chain Process-Check und wie Sie die Anforderungen vollst\u00e4ndig umsetzen<\/li>\n<\/ul>\n<p>Inklusive Praxis\u00fcbung Lieferanten-Risikobewertung und wie Sie Lieferanten pr\u00e4zise bewerten und fundiert einzustufen.<\/p>\n[sc name=\"lieferantenmanagement2\"][\/sc]\n<p><a href=\"https:\/\/www.birkeakademie.online\/?page_id=141\"><img loading=\"lazy\" decoding=\"async\" class=\"alignnone size-medium wp-image-136\" src=\"https:\/\/www.birkeakademie.online\/wp-content\/uploads\/2024\/10\/210924-Logo-umweltfr.-2-300x83.png\" alt=\"\" width=\"300\" height=\"83\" srcset=\"https:\/\/www.birkeakademie.online\/wp-content\/uploads\/2024\/10\/210924-Logo-umweltfr.-2-300x83.png 300w, https:\/\/www.birkeakademie.online\/wp-content\/uploads\/2024\/10\/210924-Logo-umweltfr.-2-768x213.png 768w, https:\/\/www.birkeakademie.online\/wp-content\/uploads\/2024\/10\/210924-Logo-umweltfr.-2-350x97.png 350w, https:\/\/www.birkeakademie.online\/wp-content\/uploads\/2024\/10\/210924-Logo-umweltfr.-2.png 900w\" sizes=\"auto, (max-width: 300px) 100vw, 300px\" \/><\/a><\/p>\n","protected":false},"featured_media":1270,"template":"","meta":[],"product_brand":[],"product_cat":[470],"product_tag":[432,143,190,42,421,51,428,60,429,337,427,426,195,423,430,422,424,431,425],"class_list":{"0":"post-1735","1":"product","2":"type-product","3":"status-publish","4":"has-post-thumbnail","6":"product_cat-q4-2026","7":"product_tag-beschaffung","8":"product_tag-brc-9","9":"product_tag-dienstleistermanagement","10":"product_tag-dr-norbert-kolb","11":"product_tag-effizientes-lieferanten-und-dienstleistermanagement","12":"product_tag-fssc-22000","13":"product_tag-gfsi-zertifizierte-lieferanten","14":"product_tag-ifs-8","15":"product_tag-ifs-broker-v3-2","16":"product_tag-ifs-supply-chain-process-check","17":"product_tag-krisenmanagement-lieferketten","18":"product_tag-lieferantenaudits-effizient","19":"product_tag-lieferantenmanagement","20":"product_tag-lieferantenmanagement-anpassen","21":"product_tag-nachhaltigkeit-lieferkette","22":"product_tag-qualitaetsmanagement-lieferanten","23":"product_tag-risikobewertung-lieferanten","24":"product_tag-supply-chain-management","25":"product_tag-wirksamkeitskontrollen-rohstoffe","27":"first","28":"instock","29":"taxable","30":"shipping-taxable","31":"purchasable","32":"product-type-simple"},"_links":{"self":[{"href":"https:\/\/www.birkeakademie.online\/index.php?rest_route=\/wp\/v2\/product\/1735","targetHints":{"allow":["GET"]}}],"collection":[{"href":"https:\/\/www.birkeakademie.online\/index.php?rest_route=\/wp\/v2\/product"}],"about":[{"href":"https:\/\/www.birkeakademie.online\/index.php?rest_route=\/wp\/v2\/types\/product"}],"wp:featuredmedia":[{"embeddable":true,"href":"https:\/\/www.birkeakademie.online\/index.php?rest_route=\/wp\/v2\/media\/1270"}],"wp:attachment":[{"href":"https:\/\/www.birkeakademie.online\/index.php?rest_route=%2Fwp%2Fv2%2Fmedia&parent=1735"}],"wp:term":[{"taxonomy":"product_brand","embeddable":true,"href":"https:\/\/www.birkeakademie.online\/index.php?rest_route=%2Fwp%2Fv2%2Fproduct_brand&post=1735"},{"taxonomy":"product_cat","embeddable":true,"href":"https:\/\/www.birkeakademie.online\/index.php?rest_route=%2Fwp%2Fv2%2Fproduct_cat&post=1735"},{"taxonomy":"product_tag","embeddable":true,"href":"https:\/\/www.birkeakademie.online\/index.php?rest_route=%2Fwp%2Fv2%2Fproduct_tag&post=1735"}],"curies":[{"name":"wp","href":"https:\/\/api.w.org\/{rel}","templated":true}]}}