{"id":1693,"date":"2026-02-07T13:11:23","date_gmt":"2026-02-07T12:11:23","guid":{"rendered":"https:\/\/www.birkeakademie.online\/?post_type=product&#038;p=1693"},"modified":"2026-02-22T18:31:29","modified_gmt":"2026-02-22T17:31:29","slug":"online-seminar-die-ifs-logistics-version-3-09-11-26","status":"publish","type":"product","link":"https:\/\/www.birkeakademie.online\/?product=online-seminar-die-ifs-logistics-version-3-09-11-26","title":{"rendered":"Online-Seminar: Die IFS-Logistics Version 3, 09.11.26"},"content":{"rendered":"<p><strong>Online-Seminar: Die IFS-Logistics Version 3<\/strong><br \/>\n<span style=\"color: #09ce06;\">\u2714<\/span> Die vielseitigen Anforderungen zuverl\u00e4ssig erf\u00fcllen und<br \/>\n<span style=\"color: #09ce06;\">\u2714<\/span> Feintuning f\u00fcr ihr QM-System.<\/p>\n<p>Ob Sie ein eigenes Lager mit logistischen Aktivit\u00e4ten betreiben, einen externen Logistikdienstleister beauftragen oder eine eigene Logistikabteilung f\u00fchren: Die Anforderungen von Kunden und des IFS-Standards an eine Zertifizierung nach IFS Logistics sind deutlich gestiegen.<\/p>\n<p>Unser Online-Seminar unterst\u00fctzt Sie mit hilfreichen Empfehlungen aus der Audit-Praxis, die hohen Anforderungen des IFS-Logistics 3.0 vollst\u00e4ndig umzusetzen,Schwachstellen gezielt zu erkennen und System zukunftssicher zu optimieren.<\/p>\n<p>Ihr frisches Wissen durch unser Online-Seminar:<\/p>\n<ul>\n<li>Die strengen Anforderungen der Version 3 besser verstehen und praxisnah in Ihr bestehendes System integrieren.<\/li>\n<li>Wie Sie Ihre Produktsicherheitskultur und Produktqualit\u00e4t gezielt in die Unternehmenspolitik integrieren und konkrete Ziele ableiten<\/li>\n<li>Ihr Produktsicherheits-Managementsystem konform an versch\u00e4rfte Kriterien wie zu internen Audits, CCPs und Kundenvereinbarungen anpassen<\/li>\n<li>Verifizierung und Dokumentation: Verifizierungsverfahren optimieren und leichter die Nachweispflichten erf\u00fcllen<\/li>\n<li>Risikobasierte Pl\u00e4ne f\u00fcr Sch\u00e4dlingsbek\u00e4mpfung sowie Reinigung und Desinfektion praxisnah erstellen<\/li>\n<li>Betriebsbegehungen &amp; interne Audits: Pr\u00fcfpflichten effizient integrieren und smart in die Audit-Abl\u00e4ufe einbinden<\/li>\n<li>Product Fraud: Wie Sie eine wirksame Verwundbarkeitsanalyse erstellen und praxistaugliche Krisenpl\u00e4ne implementieren<\/li>\n<\/ul>\n<p><span style=\"font-size: 1rem;\">Profitieren Sie zus\u00e4tzlich von <\/span>wertvollen Erkenntnissen aus aktuellen IFS Logistics Audits<span style=\"font-size: 1rem;\">.<br \/>\n<\/span><span style=\"font-size: 1rem;\">Kl\u00e4ren Sie Ihre individuellen Fragen direkt mit unserer erfahrenen Referentin und nehmen Sie wertvolle Ans\u00e4tze mit, um Ihr System nicht nur &#8222;normgerecht&#8220;, sondern bestm\u00f6glich aufzustellen.<\/span><\/p>\n<p>Nach dem Seminar erhalten Sie Ihr pers\u00f6nliches Weiterbildungs-Zertifikat.<br \/>\nSichern Sie sich ihren Platz f\u00fcr den 09.11.2026 mit Rosi Eder-W\u00f6rthmann.<\/p>\n<p>Die Teilnahme am Online-Seminar ist einfach per Internet-Browser m\u00f6glich.<br \/>\nEs ist keine Installation notwendig. Detaillierte Informationen zu ihrer Teilnahme, erhalten Sie von uns vor Seminarbeginn.<\/p>\n","protected":false},"excerpt":{"rendered":"<p>&nbsp;<\/p>\n<p>Mit Rosi Eder-W\u00f6rthmann<\/p>\n<ul>\n<li>Die strengen Anforderungen der Version 3 besser verstehen und praxisnah in Ihr bestehendes System integrieren.<\/li>\n<li>Wie Sie Ihre Produktsicherheitskultur und Produktqualit\u00e4t gezielt in die Unternehmenspolitik integrieren und konkrete Ziele ableiten<\/li>\n<li>Ihr Produktsicherheits-Managementsystem konform an versch\u00e4rfte Kriterien wie zu internen Audits, CCPs und Kundenvereinbarungen anpassen<\/li>\n<li>Verifizierung und Dokumentation: Verifizierungsverfahren optimieren und leichter die Nachweispflichten erf\u00fcllen<\/li>\n<li>Risikobasierte Pl\u00e4ne f\u00fcr Sch\u00e4dlingsbek\u00e4mpfung sowie Reinigung und Desinfektion praxisnah erstellen<\/li>\n<li>Betriebsbegehungen &amp; interne Audits: Pr\u00fcfpflichten effizient integrieren und smart in die Audit-Abl\u00e4ufe einbinden<\/li>\n<li>Product Fraud: Wie Sie eine wirksame Verwundbarkeitsanalyse erstellen und praxistaugliche Krisenpl\u00e4ne implementieren<\/li>\n<\/ul>\n<p>Profitieren Sie zus\u00e4tzlich von aktuellen Audit-Insights und dem direkten Austausch mit unserer erfahrenen Referentin,<br \/>\nf\u00fcr ein System, das mehr als nur die Norm erf\u00fcllt.<\/p>\n[sc name=\"ifslogistics3\"][\/sc]\n<p><a style=\"font-size: 1rem;\" href=\"https:\/\/www.birkeakademie.online\/?page_id=141\"><img loading=\"lazy\" decoding=\"async\" class=\"alignnone size-medium wp-image-136\" src=\"https:\/\/www.birkeakademie.online\/wp-content\/uploads\/2024\/10\/210924-Logo-umweltfr.-2-300x83.png\" alt=\"\" width=\"300\" height=\"83\" srcset=\"https:\/\/www.birkeakademie.online\/wp-content\/uploads\/2024\/10\/210924-Logo-umweltfr.-2-300x83.png 300w, https:\/\/www.birkeakademie.online\/wp-content\/uploads\/2024\/10\/210924-Logo-umweltfr.-2-768x213.png 768w, https:\/\/www.birkeakademie.online\/wp-content\/uploads\/2024\/10\/210924-Logo-umweltfr.-2-350x97.png 350w, https:\/\/www.birkeakademie.online\/wp-content\/uploads\/2024\/10\/210924-Logo-umweltfr.-2.png 900w\" sizes=\"auto, (max-width: 300px) 100vw, 300px\" \/><\/a><\/p>\n","protected":false},"featured_media":1694,"template":"","meta":[],"product_brand":[],"product_cat":[479],"product_tag":[183,184,185,186,187,188,43],"class_list":{"0":"post-1693","1":"product","2":"type-product","3":"status-publish","4":"has-post-thumbnail","6":"product_cat-q3-2026","7":"product_tag-ifs-logistics-3","8":"product_tag-ifs-logistics-version-3","9":"product_tag-logistic-version-3","10":"product_tag-logistics-zertifizierung","11":"product_tag-produktsicherheits-managementsystem","12":"product_tag-reinigungs-und-desinfektionsplaene-logistik","13":"product_tag-rosi-eder-woerthmann","15":"first","16":"instock","17":"taxable","18":"shipping-taxable","19":"purchasable","20":"product-type-simple"},"_links":{"self":[{"href":"https:\/\/www.birkeakademie.online\/index.php?rest_route=\/wp\/v2\/product\/1693","targetHints":{"allow":["GET"]}}],"collection":[{"href":"https:\/\/www.birkeakademie.online\/index.php?rest_route=\/wp\/v2\/product"}],"about":[{"href":"https:\/\/www.birkeakademie.online\/index.php?rest_route=\/wp\/v2\/types\/product"}],"wp:featuredmedia":[{"embeddable":true,"href":"https:\/\/www.birkeakademie.online\/index.php?rest_route=\/wp\/v2\/media\/1694"}],"wp:attachment":[{"href":"https:\/\/www.birkeakademie.online\/index.php?rest_route=%2Fwp%2Fv2%2Fmedia&parent=1693"}],"wp:term":[{"taxonomy":"product_brand","embeddable":true,"href":"https:\/\/www.birkeakademie.online\/index.php?rest_route=%2Fwp%2Fv2%2Fproduct_brand&post=1693"},{"taxonomy":"product_cat","embeddable":true,"href":"https:\/\/www.birkeakademie.online\/index.php?rest_route=%2Fwp%2Fv2%2Fproduct_cat&post=1693"},{"taxonomy":"product_tag","embeddable":true,"href":"https:\/\/www.birkeakademie.online\/index.php?rest_route=%2Fwp%2Fv2%2Fproduct_tag&post=1693"}],"curies":[{"name":"wp","href":"https:\/\/api.w.org\/{rel}","templated":true}]}}