{"id":1662,"date":"2026-01-31T12:42:10","date_gmt":"2026-01-31T11:42:10","guid":{"rendered":"https:\/\/www.birkeakademie.online\/?post_type=product&#038;p=1662"},"modified":"2026-03-07T13:56:00","modified_gmt":"2026-03-07T12:56:00","slug":"online-seminar-ifs-food-aktuell-09-10-26","status":"publish","type":"product","link":"https:\/\/www.birkeakademie.online\/?product=online-seminar-ifs-food-aktuell-09-10-26","title":{"rendered":"Online-Seminar: IFS Food Aktuell, 09.10.26"},"content":{"rendered":"<p><strong>Online Seminar: IFS Food Aktuell<\/strong><br \/>\n<span style=\"color: #09ce06;\">\u2714<\/span> Anforderungen vollst\u00e4ndig verstehen,<br \/>\n<span style=\"color: #09ce06;\">\u2714<\/span> Erfahrungen austauschen,<br \/>\n<span style=\"color: #09ce06;\">\u2714<\/span> IFS-System gezielt optimieren.<\/p>\n<p>Steigende Anforderungen an unangek\u00fcndigte Audits, strengere Bewertungen bei Major-Abweichungen und viele Zusatzmodule: Die IFS-Landschaft 2026 stellt neue Herausforderungen an Ihr Qualit\u00e4tsmanagementsystem.<\/p>\n<p>Hierbei stehen besonders im Fokus: Der IFS Deforestation Check, IFS Supply Chain Process Check, IFS-ESG Check und die IFS Doktrin 4.<\/p>\n<p>Der aktuelle Leitfaden zum Produktbetrug erzeugt weiteren Handlungsbedarf.<\/p>\n<p>In unserem Online-Seminar lernen Sie praxisorientierte und aktuelle L\u00f6sungsans\u00e4tze kennen, um die IFS-Anforderungen passend in Ihre bestehenden Prozesse zu integrieren, die neue IFS-Doktrin 4 sowie die aktuelle Leitlinie zum Produktbetrug einzuhalten und die verschiedenen IFS-Zusatzmodule systematisch in Ihre Auditabl\u00e4ufe einzubinden.<\/p>\n<p>Zus\u00e4tzlich bieten wir Ihnen 45 Minuten Zeit f\u00fcr einen Austausch mit unserer Referentin an, in denen Sie Ihre offenen Fragen direkt kl\u00e4ren und Praxiserfahrungen teilen k\u00f6nnen.<\/p>\n<p><strong>Ihre Vorteile durch unser Online-Seminar:<\/strong><\/p>\n<ul>\n<li>Wie Sie die \u00c4nderungen des IFS 8 und die DIN EN ISO 22000-3 korrekt einordnen und integrieren<\/li>\n<li>Die aktuelle IFS-Doktrin Version 4, 2025 praxisorientiert verstehen<\/li>\n<li>NEU: Der IFS Deforestation Check und wie Sie mit diesem Leitfaden die EU-Entwaldungsverordnung (Verordnung (EU) 2023\/1115) zielorientiert erf\u00fcllen<\/li>\n<li>Den aktuellen Leitfaden zu Produktbetrug klar und verst\u00e4ndlich umsetzen<\/li>\n<li>Die neuen Anforderungen an den IFS Supply Chain Process Check passend in Ihre Audits integrieren<br \/>\n&#8211; Die neue IFS-Rohstoffliste und wie Sie diese nahtlos in ihre Gefahrenliste integrieren<br \/>\n&#8211; Effizientes Werkzeug f\u00fcr die einheitliche Risikobewertung und HACCP-Plan gezielt erweitern<br \/>\n&#8211; Mehr Transparenz und Pflichten zur Aktualisierung praxisorientiert erf\u00fcllen<\/li>\n<li>Wie der IFS ESG-Check Ihnen hilft, Ihr Nachhaltigkeitsmanagement transparenter zu gestalten und zu f\u00f6rdern<\/li>\n<li>Die detaillierten \u00c4nderungen bei KO-Anforderungen im Detail beachten und umsetzen<\/li>\n<li>Ihr HACCP-System systematisch an den aktuellen Codex Alimentarius anpassen<\/li>\n<li>strengere Anforderungen an die Reinigungsvalidierung praxisorientiert umsetzen<\/li>\n<li>Die ge\u00e4nderten Vorgaben f\u00fcr ausgelagerte Produktionen und Standorte richtig einhalten<\/li>\n<li>Die Forderungen zum \u00dcberwachungs- und Zulassungsverfahren f\u00fcr Lieferanten richtig erf\u00fcllen<\/li>\n<li>Die Unternehmenspolitik und Managementbewertung gezielt erg\u00e4nzen<\/li>\n<li>Pr\u00fcf- und \u00dcberwachungspl\u00e4ne sowie Wartungspl\u00e4ne praxistauglich erstellen und dokumentieren<\/li>\n<li>Krisen-, R\u00fcckruf- und Notfallmanagement gezielt aktualisieren<\/li>\n<li>Die Kriterien f\u00fcr interne Audits und Produktionsbegehungen gezielt beachten<\/li>\n<li>Personalhygiene und Umgebungsmonitoring besser verstehen und umsetzen<\/li>\n<li>Schulungen effizient und nachhaltig organisieren und die Leistung authentisch messen<\/li>\n<\/ul>\n<p><span class=\"TextRun SCXO190670104 BCX8\" lang=\"DE-DE\" xml:lang=\"DE-DE\" data-contrast=\"none\"><span class=\"NormalTextRun SCXO190670104 BCX8\">Profitieren Sie von frischen Wissen und vielen Praxisbeispielen aus aktuellen Audits um ihr IFS-System gezielt zu optimieren.<\/span><\/span><\/p>\n<p><span style=\"font-size: 1rem;\">Sichern Sie sich ihren Platz am 09.10.2026.<\/span><\/p>\n<p>Die Teilnahme am Online-Seminar ist einfach per Internet-Browser m\u00f6glich.<br \/>\nEs ist keine Installation notwendig. Detaillierte Informationen zu ihrer Teilnahme, erhalten Sie von uns vor Seminarbeginn.<\/p>\n","protected":false},"excerpt":{"rendered":"<p>&nbsp;<\/p>\n<p>Mit Dorothee Schroeder<\/p>\n<ul>\n<li>Wie Sie die \u00c4nderungen des IFS 8 und die DIN EN ISO 22000-3 korrekt einordnen und integrieren<\/li>\n<li>Die neue IFS-Doktrin Version 4, 2025 praxisorientiert verstehen<\/li>\n<li>NEU: Der IFS Deforestation Check und wie Sie mit diesem Leitfaden die EU-Entwaldungsverordnung (Verordnung (EU) 2023\/1115) zielorientiert erf\u00fcllen<\/li>\n<li>Den aktuellen Leitfaden zu Produktbetrug klar und verst\u00e4ndlich umsetzen<\/li>\n<li>Die neuen Anforderungen an den IFS Supply Chain Process Check passend in Ihre Audits integrieren<\/li>\n<li>Wie der IFS ESG-Check Ihnen hilft, Ihr Nachhaltigkeitsmanagement transparenter zu gestalten und zu f\u00f6rdern<\/li>\n<li>Die detaillierten \u00c4nderungen bei KO-Anforderungen im Detail beachten und umsetzen<\/li>\n<li>Ihr HACCP-System systematisch an den aktuellen Codex Alimentarius anpassen<\/li>\n<li>Die ge\u00e4nderten Vorgaben f\u00fcr ausgelagerte Produktionen und Standorte richtig einhalten<\/li>\n<li>Die Forderungen zum \u00dcberwachungs- und Zulassungsverfahren f\u00fcr Lieferanten richtig erf\u00fcllen<\/li>\n<li>Die Unternehmenspolitik und Managementbewertung gezielt erg\u00e4nzen<\/li>\n<li>Pr\u00fcf- und \u00dcberwachungspl\u00e4ne sowie Wartungspl\u00e4ne praxistauglich erstellen und dokumentieren<\/li>\n<li>Krisen-, R\u00fcckruf- und Notfallmanagement gezielt aktualisieren<\/li>\n<li>Die Kriterien f\u00fcr interne Audits und Produktionsbegehungen gezielt beachten<\/li>\n<li>Personalhygiene und Umgebungsmonitoring besser verstehen und umsetzen<\/li>\n<\/ul>\n<p>Inklusive 45 Minuten Zeit f\u00fcr ihre Fragen und zum direkten Erfahrungsaustausch mit der Referentin.<\/p>\n[sc name=\"ifsfoodaktuell1\"][\/sc]\n<p><a href=\"https:\/\/www.birkeakademie.online\/?page_id=141\"><img loading=\"lazy\" decoding=\"async\" class=\"alignnone size-medium wp-image-136\" src=\"https:\/\/www.birkeakademie.online\/wp-content\/uploads\/2024\/10\/210924-Logo-umweltfr.-2-300x83.png\" alt=\"\" width=\"300\" height=\"83\" srcset=\"https:\/\/www.birkeakademie.online\/wp-content\/uploads\/2024\/10\/210924-Logo-umweltfr.-2-300x83.png 300w, https:\/\/www.birkeakademie.online\/wp-content\/uploads\/2024\/10\/210924-Logo-umweltfr.-2-768x213.png 768w, https:\/\/www.birkeakademie.online\/wp-content\/uploads\/2024\/10\/210924-Logo-umweltfr.-2-350x97.png 350w, https:\/\/www.birkeakademie.online\/wp-content\/uploads\/2024\/10\/210924-Logo-umweltfr.-2.png 900w\" sizes=\"auto, (max-width: 300px) 100vw, 300px\" \/><\/a><\/p>\n","protected":false},"featured_media":1417,"template":"","meta":[],"product_brand":[],"product_cat":[479],"product_tag":[378,105,110,57,60,377,181,182,338,180,179,178,337,107,379,109],"class_list":{"0":"post-1662","1":"product","2":"type-product","3":"status-publish","4":"has-post-thumbnail","6":"product_cat-q3-2026","7":"product_tag-378","8":"product_tag-auditor","9":"product_tag-auditoren-team","10":"product_tag-dorothee-schroeder","11":"product_tag-ifs-8","12":"product_tag-ifs-doktrin-version-4","13":"product_tag-ifs-erfahrungen","14":"product_tag-ifs-erfahrungsaustausch","15":"product_tag-ifs-esg-check","16":"product_tag-ifs-food","17":"product_tag-ifs-food-aktuell","18":"product_tag-ifs-food-version-8","19":"product_tag-ifs-supply-chain-process-check","20":"product_tag-interne-audits","21":"product_tag-leitfaden-ifs-produktbetrug","22":"product_tag-massnahmen-audits","24":"first","25":"instock","26":"taxable","27":"shipping-taxable","28":"purchasable","29":"product-type-simple"},"_links":{"self":[{"href":"https:\/\/www.birkeakademie.online\/index.php?rest_route=\/wp\/v2\/product\/1662","targetHints":{"allow":["GET"]}}],"collection":[{"href":"https:\/\/www.birkeakademie.online\/index.php?rest_route=\/wp\/v2\/product"}],"about":[{"href":"https:\/\/www.birkeakademie.online\/index.php?rest_route=\/wp\/v2\/types\/product"}],"wp:featuredmedia":[{"embeddable":true,"href":"https:\/\/www.birkeakademie.online\/index.php?rest_route=\/wp\/v2\/media\/1417"}],"wp:attachment":[{"href":"https:\/\/www.birkeakademie.online\/index.php?rest_route=%2Fwp%2Fv2%2Fmedia&parent=1662"}],"wp:term":[{"taxonomy":"product_brand","embeddable":true,"href":"https:\/\/www.birkeakademie.online\/index.php?rest_route=%2Fwp%2Fv2%2Fproduct_brand&post=1662"},{"taxonomy":"product_cat","embeddable":true,"href":"https:\/\/www.birkeakademie.online\/index.php?rest_route=%2Fwp%2Fv2%2Fproduct_cat&post=1662"},{"taxonomy":"product_tag","embeddable":true,"href":"https:\/\/www.birkeakademie.online\/index.php?rest_route=%2Fwp%2Fv2%2Fproduct_tag&post=1662"}],"curies":[{"name":"wp","href":"https:\/\/api.w.org\/{rel}","templated":true}]}}