{"id":1636,"date":"2026-01-25T13:54:50","date_gmt":"2026-01-25T12:54:50","guid":{"rendered":"https:\/\/www.birkeakademie.online\/?post_type=product&#038;p=1636"},"modified":"2026-02-22T18:07:30","modified_gmt":"2026-02-22T17:07:30","slug":"online-seminar-haccp-teamleiter-das-team-2026-01-10-26","status":"publish","type":"product","link":"https:\/\/www.birkeakademie.online\/?product=online-seminar-haccp-teamleiter-das-team-2026-01-10-26","title":{"rendered":"Online-Seminar: HACCP-Teamleiter &#038; Das Team 2026, 01.10.26"},"content":{"rendered":"<p><strong>Online Seminar: HACCP-Teamleiter &amp; Das HACCP-Team 2026<\/strong><br \/>\n<span style=\"color: #09ce06;\">\u2714<\/span> Aktuelles Wissen,<br \/>\n<span style=\"color: #09ce06;\">\u2714<\/span> praxiserprobte Vorgehensweisen,<br \/>\n<span style=\"color: #09ce06;\">\u2714<\/span> f\u00fcr ihr effizientes HACCP-System.<\/p>\n<p>Stehen Sie t\u00e4glich vor der Herausforderung, Ihr HACCP-System an die\u00a0 neuesten Anforderungen anzupassen und Ihr Team zu motivieren? Als HACCP-Teamleiter und Team sind Sie die erste Anlaufstelle f\u00fcr kritische Themen und m\u00fcssen schnell und sicher L\u00f6sungen finden.<\/p>\n<p>Bringen Sie sich und Ihr Team mit unserem Online-Seminar auf den neuesten Stand. Lernen Sie praxiserprobte und wirkungsvolle Vorgehensweisen kennen, um Ihr HACCP-System systematisch weiterzuentwickeln und die HACCP-Kultur in Ihrem Unternehmen nachhaltig zu st\u00e4rken.<\/p>\n<p><strong>Ihr Nutzen aus dem Online-Seminar:<\/strong><\/p>\n<ul>\n<li>Aktuelles Wissen: Aktuelle EU-Richtline zu HACCP, erforderliche Qualifikationen, Aufgaben und Pflichten der Teamleitung<\/li>\n<li>Mit unserem 5-Schritte-Plan gestalten Sie Teamsitzungen produktiver und erzielen konstruktive Ergebnisse<\/li>\n<li>F\u00fchren Sie Validierungen und Verifizierungen erfolgreich im Team durch und optimieren Sie ihr Ma\u00dfnahmenmanagement<\/li>\n<li>Lernen Sie, ihren HACCP-Plan praxisorientiert zu erneuern und \u00fcberzeugend im Audit zu pr\u00e4sentieren<\/li>\n<li>Wir zeigen Ihnen, wie Sie Ihre Gefahrenanalyse gezielt verschlanken und um neue Aspekte erweitern<\/li>\n<li>Lebendige HACCP-Kultur: St\u00e4rken Sie mit neuen Impulsen das Bewusstsein,\u00a0 f\u00f6rdern Sie effektiv das Verst\u00e4ndnis f\u00fcr HACCP im Unternehmen<\/li>\n<li>Sie erhalten praxiserprobte Vorgehensweisen um die Anforderungen des IFS 8, BRCGS 9 und FSSC 22000 verst\u00e4ndlich im HACCP-Team zu vermitteln und Wissensl\u00fccken zu schlie\u00dfen<\/li>\n<li>Weiterbildungs-Zertifikat nach ihrer Teilnahme<\/li>\n<\/ul>\n<p>Nutzen Sie das aktuelle Wissen, machen Sie ihr HACCP-System effizienter und st\u00e4rken Sie ihre HACCP-Kultur, im HACCP-Team und gesamten Unternehmen.<\/p>\n<p>Sichern Sie sich ihren Platz f\u00fcr den 01.10.2026.<\/p>\n<p>Die Teilnahme am Online-Seminar ist einfach per Internet-Browser m\u00f6glich.<br \/>\nEs ist keine Installation notwendig. Detaillierte Informationen zu ihrer Teilnahme, erhalten Sie von uns vor Seminarbeginn.<\/p>\n","protected":false},"excerpt":{"rendered":"<p>&nbsp;<\/p>\n<p>Mit Dr. Norbert Kolb<\/p>\n<ul>\n<li>Aktuelles Wissen: Aktuelle EU-Richtline zu HACCP, erforderliche Qualifikationen, Aufgaben und Pflichten der Teamleitung<\/li>\n<li>Mit unserem 5-Schritte-Plan gestalten Sie Teamsitzungen produktiver und erzielen konstruktive Ergebnisse<\/li>\n<li>F\u00fchren Sie Validierungen und Verifizierungen erfolgreich im Team durch und optimieren Sie ihr Ma\u00dfnahmenmanagement<\/li>\n<li>HACCP-Plan praxisorientiert erneuern und \u00fcberzeugend im Audit pr\u00e4sentieren<\/li>\n<li>Ihre Gefahrenanalyse gezielt verschlanken und um neue Aspekte erweitern<\/li>\n<li>Lebendige HACCP-Kultur: St\u00e4rken Sie mit neuen Impulsen das Bewusstsein,\u00a0 f\u00f6rdern Sie effektiv das Verst\u00e4ndnis f\u00fcr HACCP im Unternehmen<\/li>\n<li>praxiserprobte Vorgehensweisen um die Anforderungen des IFS 8, BRCGS 9 und FSSC 22000 verst\u00e4ndlich im HACCP-Team zu vermitteln und Wissensl\u00fccken zu schlie\u00dfen<\/li>\n<\/ul>\n[sc name=\"haccpteamleiter\"][\/sc]\n<p><span style=\"font-size: 16px;\"><a href=\"https:\/\/www.birkeakademie.online\/?page_id=141\"><img loading=\"lazy\" decoding=\"async\" class=\"alignnone size-medium wp-image-136\" src=\"https:\/\/www.birkeakademie.online\/wp-content\/uploads\/2024\/10\/210924-Logo-umweltfr.-2-300x83.png\" alt=\"\" width=\"300\" height=\"83\" srcset=\"https:\/\/www.birkeakademie.online\/wp-content\/uploads\/2024\/10\/210924-Logo-umweltfr.-2-300x83.png 300w, https:\/\/www.birkeakademie.online\/wp-content\/uploads\/2024\/10\/210924-Logo-umweltfr.-2-768x213.png 768w, https:\/\/www.birkeakademie.online\/wp-content\/uploads\/2024\/10\/210924-Logo-umweltfr.-2-350x97.png 350w, https:\/\/www.birkeakademie.online\/wp-content\/uploads\/2024\/10\/210924-Logo-umweltfr.-2.png 900w\" sizes=\"auto, (max-width: 300px) 100vw, 300px\" \/><\/a><br \/>\n<\/span><\/p>\n","protected":false},"featured_media":1637,"template":"","meta":[],"product_brand":[],"product_cat":[479],"product_tag":[42,51,78,79,77,83,80,81,82,84],"class_list":{"0":"post-1636","1":"product","2":"type-product","3":"status-publish","4":"has-post-thumbnail","6":"product_cat-q3-2026","7":"product_tag-dr-norbert-kolb","8":"product_tag-fssc-22000","9":"product_tag-haccp","10":"product_tag-haccp-kultur","11":"product_tag-haccp-nach-brc-9","12":"product_tag-haccp-plan","13":"product_tag-haccp-team","14":"product_tag-haccp-teamleiter","15":"product_tag-haccp-teamleitung","16":"product_tag-ifs-8-haccp","18":"first","19":"instock","20":"taxable","21":"shipping-taxable","22":"purchasable","23":"product-type-simple"},"_links":{"self":[{"href":"https:\/\/www.birkeakademie.online\/index.php?rest_route=\/wp\/v2\/product\/1636","targetHints":{"allow":["GET"]}}],"collection":[{"href":"https:\/\/www.birkeakademie.online\/index.php?rest_route=\/wp\/v2\/product"}],"about":[{"href":"https:\/\/www.birkeakademie.online\/index.php?rest_route=\/wp\/v2\/types\/product"}],"wp:featuredmedia":[{"embeddable":true,"href":"https:\/\/www.birkeakademie.online\/index.php?rest_route=\/wp\/v2\/media\/1637"}],"wp:attachment":[{"href":"https:\/\/www.birkeakademie.online\/index.php?rest_route=%2Fwp%2Fv2%2Fmedia&parent=1636"}],"wp:term":[{"taxonomy":"product_brand","embeddable":true,"href":"https:\/\/www.birkeakademie.online\/index.php?rest_route=%2Fwp%2Fv2%2Fproduct_brand&post=1636"},{"taxonomy":"product_cat","embeddable":true,"href":"https:\/\/www.birkeakademie.online\/index.php?rest_route=%2Fwp%2Fv2%2Fproduct_cat&post=1636"},{"taxonomy":"product_tag","embeddable":true,"href":"https:\/\/www.birkeakademie.online\/index.php?rest_route=%2Fwp%2Fv2%2Fproduct_tag&post=1636"}],"curies":[{"name":"wp","href":"https:\/\/api.w.org\/{rel}","templated":true}]}}