{"id":1577,"date":"2025-12-20T14:55:44","date_gmt":"2025-12-20T13:55:44","guid":{"rendered":"https:\/\/www.birkeakademie.online\/?post_type=product&#038;p=1577"},"modified":"2026-02-22T17:54:21","modified_gmt":"2026-02-22T16:54:21","slug":"online-seminar-kosher-halal-zuverlaessig-zertifizieren-18-09-26","status":"publish","type":"product","link":"https:\/\/www.birkeakademie.online\/?product=online-seminar-kosher-halal-zuverlaessig-zertifizieren-18-09-26","title":{"rendered":"Online-Seminar: Kosher, Halal zuverl\u00e4ssig zertifizieren, 18.09.26"},"content":{"rendered":"<p><strong>Online Seminar: Kosher, Halal zuverl\u00e4ssig zertifizieren<\/strong><br \/>\n<span style=\"color: #09ce06;\">\u2714<\/span> Anforderungen besser verstehen,<br \/>\n<span style=\"color: #09ce06;\">\u2714<\/span> und konforme Kosher- und Halal Produkte herstellen.<\/p>\n<p>Die Zertifizierung von Kosher- oder Halal-Lebensmittel ist mit vielseitigen Vorgaben verbunden, die ihre Lieferkette und ihr Unternehmen erf\u00fcllen muss.<br \/>\nHinzu kommen wichtige kulturelle und religi\u00f6se Aspekte, die vollumf\u00e4nglich verstanden und beachtet werden sollten, um erfolgreich Kosher- oder Halal-Produkte herzustellen.<\/p>\n<p>Zus\u00e4tzlich wird ein Monitoring erwartet, das die Einhaltung der Anforderungen durch geschulte Verantwortliche vorsieht.<\/p>\n<p>Unser fach-spezifisches Online-Seminar &#8222;Halal &amp; Kosher&#8220; bietet Ihnen das praxiserprobte Wissen, die strengen Anforderungen einzuhalten und dabei die kulturellen Aspekte gezielt mit zu ber\u00fccksichtigen.<br \/>\nLeichter Kosher-\/Halal konforme Rohstoffe zu finden, ihre Lieferantenvorgaben zu optimieren und ihr QM-System um die vielseitigen Vorgaben zu optimieren.<\/p>\n<p>On Top erhalten Sie hilfreiche Erfahrungen aus der Auditpraxis, um ihr Unternehmen bestm\u00f6glich auf die n\u00e4chsten Zertifizierungen vorzubereiten und die Einhaltung der Vorgaben zu Kosher und Halal zuverl\u00e4ssig sicherzustellen.<\/p>\n<p><strong>Ihr Nutzen aus unserem Online-Seminar:<\/strong><\/p>\n<ul>\n<li>Die Anforderungen zu Kosher und Halal verst\u00e4ndlich interpretieren und einhalten<\/li>\n<li>Wie Sie Kreuzkontaminationen zuverl\u00e4ssig auf gemeinsam genutzten Anlagen vermeiden<\/li>\n<li>die Besonderheiten &amp; Gewohnheiten im Ablauf einer Kosher- oder Halal-Zertifizierung verl\u00e4sslich beachten<\/li>\n<li>Wie Sie gezielter eine geeignete Zertifizierungsstelle finden<\/li>\n<li>die Rohstoffe richtig in Kosher und nicht Kosher einordnen<\/li>\n<li>Das Halal-Haram-Prinzip besser verstehen und anwenden<\/li>\n<li>Rohstoffen und Prozessen gem\u00e4\u00df Halal zuverl\u00e4ssig betrachten &amp; bewerten<\/li>\n<li>Hilfreiche Ans\u00e4tze um leichter die geeigneten Lieferanten zu finden und zu \u00fcberwachen<\/li>\n<li>Relevante Informationen die in ihren Rohstoff- und Produkt Spezifikationen enthalten sein sollten<\/li>\n<li>Die Anforderungen an ihre Produktion, um sichere und konforme Kosher-\/Halal-Lebensmittel herzustellen<\/li>\n<li>Welche Analysen bei Kosher-\/Halal-Rohstoffen und \u2013 Produkten relevant sind und worauf Sie hier achten m\u00fcssen<\/li>\n<li>Mitarbeiter Schulungen: Diese Basics sollten Sie im Unternehmen schulen<\/li>\n<li>Hilfreiche Checkpunkte f\u00fcr effektive interne Audits zu Kosher und Halal<\/li>\n<\/ul>\n<p>Nutzen Sie diese Chance auch, um ihre offenen Fragen gezielt von unserer Referentin beantworten zu lassen.<\/p>\n<p>Nach dem Seminar erhalten Sie Ihr pers\u00f6nliches Weiterbildungs-Zertifikat.<br \/>\nSichern Sie sich ihren Platz f\u00fcr den 18.09.2026.<\/p>\n<p>Die Teilnahme am Online-Seminar ist einfach per Internet-Browser m\u00f6glich.<br \/>\nEs ist keine Installation notwendig. Detaillierte Informationen zu ihrer Teilnahme, erhalten Sie von uns vor Seminarbeginn.<\/p>\n","protected":false},"excerpt":{"rendered":"<p>&nbsp;<\/p>\n<p>Mit Rosi Eder-W\u00f6rthmann<\/p>\n<ul>\n<li>Die Anforderungen zu Kosher und Halal verst\u00e4ndlich interpretieren und umsetzen<\/li>\n<li>die Besonderheiten &amp; Gewohnheiten im Ablauf einer Kosher- oder Halal-Zertifizierung verl\u00e4sslich beachten<\/li>\n<li>Wie Sie gezielter eine geeignete Zertifizierungsstelle finden<\/li>\n<li>die Rohstoffe richtig in Kosher und nicht Kosher einordnen<\/li>\n<li>Das Halal-Haram-Prinzip besser verstehen und anwenden<\/li>\n<li>Rohstoffen und Prozessen gem\u00e4\u00df Halal zuverl\u00e4ssig betrachten &amp; bewerten<\/li>\n<li>Praxisorientierte Methoden um leichter die geeigneten Lieferanten zu finden und zu \u00fcberwachen<\/li>\n<li>Relevante Informationen die in ihren Rohstoff- und Produkt Spezifikationen enthalten sein m\u00fcssen<\/li>\n<li>Welche Analysen bei Kosher-\/Halal-Rohstoffen und \u2013 Produkten relevant sind und worauf Sie hier achten m\u00fcssen<\/li>\n<li>Wie Sie Kreuzkontaminationen zuverl\u00e4ssig auf gemeinsam genutzten Anlagen vermeiden<\/li>\n<li>Hilfreiche Checkpunkte f\u00fcr effektive interne Audits zu Kosher und Halal<\/li>\n<li>Antworten auf Ihre offenen Fragen<\/li>\n<\/ul>\n[sc name=\"kosherhalal\"][\/sc]\n<p><a href=\"https:\/\/www.birkeakademie.online\/?page_id=141\"><img loading=\"lazy\" decoding=\"async\" class=\"alignnone size-medium wp-image-136\" src=\"https:\/\/www.birkeakademie.online\/wp-content\/uploads\/2024\/10\/210924-Logo-umweltfr.-2-300x83.png\" alt=\"\" width=\"300\" height=\"83\" srcset=\"https:\/\/www.birkeakademie.online\/wp-content\/uploads\/2024\/10\/210924-Logo-umweltfr.-2-300x83.png 300w, https:\/\/www.birkeakademie.online\/wp-content\/uploads\/2024\/10\/210924-Logo-umweltfr.-2-768x213.png 768w, https:\/\/www.birkeakademie.online\/wp-content\/uploads\/2024\/10\/210924-Logo-umweltfr.-2-350x97.png 350w, https:\/\/www.birkeakademie.online\/wp-content\/uploads\/2024\/10\/210924-Logo-umweltfr.-2.png 900w\" sizes=\"auto, (max-width: 300px) 100vw, 300px\" \/><\/a><\/p>\n","protected":false},"featured_media":1578,"template":"","meta":[],"product_brand":[],"product_cat":[479],"product_tag":[297,296,298,302,303,304,294,295,300,299,301,293,43],"class_list":{"0":"post-1577","1":"product","2":"type-product","3":"status-publish","4":"has-post-thumbnail","6":"product_cat-q3-2026","7":"product_tag-anforderungen-zu-halal","8":"product_tag-anforderungen-zu-kosher","9":"product_tag-betrachtung-von-rohstoffen-und-prozessen-gemaess-halal","10":"product_tag-halal-lebensmittel","11":"product_tag-halal-produkte","12":"product_tag-halal-rohstoffe","13":"product_tag-halal-zertifizieren","14":"product_tag-halal-haram-prinzip","15":"product_tag-kosher-lebensmittel","16":"product_tag-kosher-produkte","17":"product_tag-kosher-rohstoffe","18":"product_tag-kosher-zertifizieren","19":"product_tag-rosi-eder-woerthmann","21":"first","22":"instock","23":"taxable","24":"shipping-taxable","25":"purchasable","26":"product-type-simple"},"_links":{"self":[{"href":"https:\/\/www.birkeakademie.online\/index.php?rest_route=\/wp\/v2\/product\/1577","targetHints":{"allow":["GET"]}}],"collection":[{"href":"https:\/\/www.birkeakademie.online\/index.php?rest_route=\/wp\/v2\/product"}],"about":[{"href":"https:\/\/www.birkeakademie.online\/index.php?rest_route=\/wp\/v2\/types\/product"}],"wp:featuredmedia":[{"embeddable":true,"href":"https:\/\/www.birkeakademie.online\/index.php?rest_route=\/wp\/v2\/media\/1578"}],"wp:attachment":[{"href":"https:\/\/www.birkeakademie.online\/index.php?rest_route=%2Fwp%2Fv2%2Fmedia&parent=1577"}],"wp:term":[{"taxonomy":"product_brand","embeddable":true,"href":"https:\/\/www.birkeakademie.online\/index.php?rest_route=%2Fwp%2Fv2%2Fproduct_brand&post=1577"},{"taxonomy":"product_cat","embeddable":true,"href":"https:\/\/www.birkeakademie.online\/index.php?rest_route=%2Fwp%2Fv2%2Fproduct_cat&post=1577"},{"taxonomy":"product_tag","embeddable":true,"href":"https:\/\/www.birkeakademie.online\/index.php?rest_route=%2Fwp%2Fv2%2Fproduct_tag&post=1577"}],"curies":[{"name":"wp","href":"https:\/\/api.w.org\/{rel}","templated":true}]}}