{"id":1290,"date":"2025-09-08T19:02:41","date_gmt":"2025-09-08T18:02:41","guid":{"rendered":"https:\/\/www.birkeakademie.online\/?post_type=product&#038;p=1290"},"modified":"2026-04-08T17:12:05","modified_gmt":"2026-04-08T16:12:05","slug":"online-seminar-der-qm-beauftragte-in-der-lmi-01-06-26","status":"publish","type":"product","link":"https:\/\/www.birkeakademie.online\/?product=online-seminar-der-qm-beauftragte-in-der-lmi-01-06-26","title":{"rendered":"Online-Seminar: Der QM-Beauftragte in der LMI, 01.06.26"},"content":{"rendered":"<p><strong>Online-Seminar: Der QM-Beauftragte in der LMI<\/strong><br \/>\n<span style=\"color: #09ce06;\">\u2714<\/span> Ihre gezielte Fortbildung als QMB,<br \/>\n<span style=\"color: #09ce06;\">\u2714<\/span> mit aktuellem Wissen und effizienten Vorgehensweisen,<br \/>\n<span style=\"color: #09ce06;\">\u2714<\/span> f\u00fcr ein smartes QM-System.<\/p>\n<p>Wann hatten Sie als QM-Beauftragte\/r zuletzt eine auf Ihre Position zugeschnittene Fortbildung?<br \/>\nIn der Sie praxisorientierte Vorgehensweisen und hilfreiche L\u00f6sungsans\u00e4tze f\u00fcr ihren QM-Alltag erhalten haben?<\/p>\n<p>In unserem Online-Seminar erhalten Sie das aktuelle Wissen, um die vielschichtigen Aufgaben eines QMB und im Qualit\u00e4tsmanagement,<br \/>\nmit effektiven Vorgehensweisen und optimierten Abl\u00e4ufen zu meistern.<br \/>\nErreichen Sie mehr Wirkung bei ihren internen Audits und Produktionsrundg\u00e4ngen und erf\u00fcllen Sie leichter die aktuellen Anforderungen ihrer Kunden und Standards.<\/p>\n<p>On Top erhalten Sie viele Praxisbeispiele zur QMB-Berichterstattung, Systemdokumentation und einer offenen Fehler-Meldekultur.<\/p>\n<p>Ihr Nutzen aus unserem Online-Seminar:<\/p>\n<ul>\n<li>Aufgaben und Pflichten als Qualit\u00e4tsmanagementbeauftragte\/r zielsicher erf\u00fcllen<\/li>\n<li>QM-System &amp; -Prozesse effizienter gestalten und mehr Sicherheit erreichen<\/li>\n<li>Den Wirkungsgrad bei internen Audits und Produktionsrundg\u00e4ngen steigern<\/li>\n<li>\u00dcberzeugender im Unternehmen und an die Gesch\u00e4ftsleitung kommunizieren, um die Akzeptanz von QM-Ma\u00dfnahmen zu erh\u00f6hen<\/li>\n<li>Systemdokumentation gezielt verschlanken: Prozessbeschreibung, Arbeitsanweisungen, Aufzeichnungen\u2026<\/li>\n<li>Aussagekr\u00e4ftige Management-Bewertungen erstellen um strategische Entscheidungen leichter zu treffen<\/li>\n<li>Schl\u00fcsselfaktoren anwenden, um Ihr Reklamationsmanagement gezielt zu optimieren<\/li>\n<li>Offene Fehler-Meldekultur im Unternehmen wirkungsvoll f\u00f6rdern und Fehler als Lernchance vermitteln<\/li>\n<li>aktuelle Anforderungen des IFS 8, BRC 9 und FSSC 22000 an einen QMB und QM-System vollst\u00e4ndig einhalten<\/li>\n<li>Best Practice zur Systemzertifizierung: Mehrere Standards und Normen schneller integrieren<\/li>\n<li>Neue &amp; digitale L\u00f6sungen f\u00fcr eine ergebnisorientierte Audit-Dokumentation<\/li>\n<\/ul>\n<p>Nehmen Sie diese Chance wahr und erh\u00f6hen Sie die Wirkung in ihrem QM-System.<\/p>\n<p>Nach dem Seminar erhalten Sie ihr pers\u00f6nliches Weiterbildungs-Zertifikat. Sichern Sie sich ihre Teilnahme f\u00fcr den 01.06.2026.<\/p>\n<p>Die Teilnahme am Online-Seminar ist einfach per Internet-Browser m\u00f6glich.<br \/>\nEs ist keine Installation notwendig. Detaillierte Informationen zu ihrer Teilnahme, erhalten Sie von uns vor Seminarbeginn.<\/p>\n","protected":false},"excerpt":{"rendered":"<p>&nbsp;<\/p>\n<p>Mit Christina Schertler<\/p>\n<ul>\n<li>Aufgaben und Pflichten als Qualit\u00e4tsmanagementbeauftragte\/r zielsicher erf\u00fcllen<\/li>\n<li>QM-System &amp; -Prozesse effizienter gestalten und mehr Sicherheit erreichen<\/li>\n<li>Wirkungsgrad bei internen Audits und Produktionsrundg\u00e4ngen steigern<\/li>\n<li>Aussagekr\u00e4ftige Management-Bewertungen erstellen um strategische Entscheidungen leichter zu treffen<\/li>\n<li>\u00dcberzeugender im Unternehmen und an die Gesch\u00e4ftsleitung kommunizieren, um die Akzeptanz von QM-Ma\u00dfnahmen zu erh\u00f6hen<\/li>\n<li>Schl\u00fcsselfaktoren anwenden, um Ihr Reklamationsmanagement gezielt zu optimieren<\/li>\n<li>Offene Fehler-Meldekultur im Unternehmen wirkungsvoll f\u00f6rdern und Fehler als Lernchance vermitteln<\/li>\n<li>aktuelle Anforderungen des IFS 8, BRC 9 und FSSC 22000 an einen QMB und QM-System vollst\u00e4ndig einhalten<\/li>\n<li>Best Practice zur Systemzertifizierung: Mehrere Standards und Normen schneller integrieren<\/li>\n<li>Neue &amp; digitale L\u00f6sungen f\u00fcr eine ergebnisorientierte Audit-Dokumentation<\/li>\n<\/ul>\n[sc name=\"qmbeauftragte\"][\/sc]\n<p><a style=\"font-size: 1rem;\" href=\"https:\/\/www.birkeakademie.online\/?page_id=141\"><img loading=\"lazy\" decoding=\"async\" class=\"alignnone size-medium wp-image-136\" src=\"https:\/\/www.birkeakademie.online\/wp-content\/uploads\/2024\/10\/210924-Logo-umweltfr.-2-300x83.png\" alt=\"\" width=\"300\" height=\"83\" srcset=\"https:\/\/www.birkeakademie.online\/wp-content\/uploads\/2024\/10\/210924-Logo-umweltfr.-2-300x83.png 300w, https:\/\/www.birkeakademie.online\/wp-content\/uploads\/2024\/10\/210924-Logo-umweltfr.-2-768x213.png 768w, https:\/\/www.birkeakademie.online\/wp-content\/uploads\/2024\/10\/210924-Logo-umweltfr.-2-350x97.png 350w, https:\/\/www.birkeakademie.online\/wp-content\/uploads\/2024\/10\/210924-Logo-umweltfr.-2.png 900w\" sizes=\"auto, (max-width: 300px) 100vw, 300px\" \/><\/a><\/p>\n","protected":false},"featured_media":1300,"template":"","meta":[],"product_brand":[],"product_cat":[376],"product_tag":[447,85,452,449,438,439,454,451,453,448,435,386,433,450,440],"class_list":{"0":"post-1290","1":"product","2":"type-product","3":"status-publish","4":"has-post-thumbnail","6":"product_cat-online-seminare-q1-2026","7":"product_tag-aufgaben-und-pflichten-qmb","8":"product_tag-christina-schertler","9":"product_tag-digitale-audit-dokumentation","10":"product_tag-interne-audits-wirksamkeit-steigern","11":"product_tag-kommunikation-qmb-geschaeftsleitung","12":"product_tag-management-bewertung-erstellen","13":"product_tag-managementsysteme","14":"product_tag-offene-fehlerkultur-im-unternehmen","15":"product_tag-prozessoptimierung","16":"product_tag-qm-system-prozesse-optimieren","17":"product_tag-qmb-seminar","18":"product_tag-qualitaetsmanagement-audits","19":"product_tag-qualitaetsmanagementbeauftragter","20":"product_tag-systemdokumentation-verschlanken","21":"product_tag-systemzertifizierung-best-practice","23":"first","24":"instock","25":"taxable","26":"shipping-taxable","27":"purchasable","28":"product-type-simple"},"_links":{"self":[{"href":"https:\/\/www.birkeakademie.online\/index.php?rest_route=\/wp\/v2\/product\/1290","targetHints":{"allow":["GET"]}}],"collection":[{"href":"https:\/\/www.birkeakademie.online\/index.php?rest_route=\/wp\/v2\/product"}],"about":[{"href":"https:\/\/www.birkeakademie.online\/index.php?rest_route=\/wp\/v2\/types\/product"}],"wp:featuredmedia":[{"embeddable":true,"href":"https:\/\/www.birkeakademie.online\/index.php?rest_route=\/wp\/v2\/media\/1300"}],"wp:attachment":[{"href":"https:\/\/www.birkeakademie.online\/index.php?rest_route=%2Fwp%2Fv2%2Fmedia&parent=1290"}],"wp:term":[{"taxonomy":"product_brand","embeddable":true,"href":"https:\/\/www.birkeakademie.online\/index.php?rest_route=%2Fwp%2Fv2%2Fproduct_brand&post=1290"},{"taxonomy":"product_cat","embeddable":true,"href":"https:\/\/www.birkeakademie.online\/index.php?rest_route=%2Fwp%2Fv2%2Fproduct_cat&post=1290"},{"taxonomy":"product_tag","embeddable":true,"href":"https:\/\/www.birkeakademie.online\/index.php?rest_route=%2Fwp%2Fv2%2Fproduct_tag&post=1290"}],"curies":[{"name":"wp","href":"https:\/\/api.w.org\/{rel}","templated":true}]}}