{"id":76,"date":"2024-10-16T14:54:59","date_gmt":"2024-10-16T14:54:59","guid":{"rendered":"https:\/\/www.birkeakademie.online\/?page_id=76"},"modified":"2025-05-20T21:01:07","modified_gmt":"2025-05-20T20:01:07","slug":"agb","status":"publish","type":"page","link":"https:\/\/www.birkeakademie.online\/?page_id=76","title":{"rendered":"AGB"},"content":{"rendered":"\n<p><strong>Allgemeine Gesch\u00e4ftsbedingungen (AGB) der BirkeAkademie<\/strong><\/p>\n\n\n\n<p>Lesen Sie bitte die AGB der BirkeAkademie sorgf\u00e4ltig, bevor Sie die Produkte, Dienstleistungen und Services der BirkeAkademie nutzen. Durch die Nutzung der Webseiten BirkeAkademie.online, BirkeAkademie.de und BirkeAkademie.com erkl\u00e4ren Sie sich einverstanden mit dieser AGB.<br><\/p>\n\n\n\n<p>I.&nbsp;<strong>Geltung gegen\u00fcber Unternehmern und Begriffsdefinitionen<\/strong><br><br>(1) Die nachfolgenden Allgemeinen Gesch\u00e4ftsbedingungen gelten f\u00fcr alle Produkte, Dienstleistungen und Services zwischen uns und dem Kunde, in ihrer zum Zeitpunkt des Besuches und der Bestellung g\u00fcltigen Fassung.<br><br>Als Kunde verstehen und meinen wir einen Verbraucher, juristische Person (Unternehmer, Unternehmen, Betriebe od. \u00e4hnliches) oder nat\u00fcrliche Person.<\/p>\n\n\n\n<p>Verbraucher ist jede nat\u00fcrliche Person, die ein Rechtsgesch\u00e4ft zu Zwecken abschlie\u00dft, die \u00fcberwiegend weder ihrer gewerblichen noch ihrer selbst\u00e4ndigen beruflichen T\u00e4tigkeit zugerechnet werden k\u00f6nnen (\u00a7 13 BGB).<br><br>Unternehmer ist eine nat\u00fcrliche oder juristische Person oder eine rechtsf\u00e4hige Personengesellschaft, die bei Abschluss eines Rechtsgesch\u00e4fts in Aus\u00fcbung ihrer gewerblichen oder selbst\u00e4ndigen beruflichen T\u00e4tigkeit handelt. (\u00a714 Absatz 1 BGB)<br><br>Im weiteren Verlauf wird zum einfacheren Verst\u00e4ndnis: Verbraucher, juristische Person (Unternehmer, Unternehmen, Betriebe od. \u00e4hnliches) oder nat\u00fcrliche Person als Kunde bezeichnet.<\/p>\n\n\n\n<p><br><strong>II. Zustandekommen eines Vertrages, Stornierung, Speicherung der Vertragsdaten<\/strong><br><br>(1) Die folgenden Regelungen \u00fcber den Vertragsabschluss gelten f\u00fcr alle Bestellungen \u00fcber unsere Webseiten https:\/\/www.birkeakademie.online, https:\/\/www.birkeakademie.de und https:\/\/www.birkeakademie.com und weiteren Webseiten der BirkeAkademie.<\/p>\n\n\n\n<p><strong><br>(2) Im Falle des Vertragsschlusses kommt der Vertrag zwischen<\/strong><\/p>\n\n\n\n<p><strong><br>BirkeAkademie<br>Antonina Vasianovych<br>Neuer Weg 19<br>D-19300 Kremmin<\/strong><\/p>\n\n\n\n<p><strong><br>und dem Kunden zustande.<\/strong><\/p>\n\n\n\n<p><br>(3) Die Pr\u00e4sentation der Produkte, Dienstleistungen und Services auf unseren Webseiten stellen kein rechtlich bindendes Vertragsangebot unsererseits dar, sondern sind nur eine unverbindliche Aufforderung an den Kunden diese zu bestellen. Mit der Bestellung der gew\u00fcnschten Produkte, Dienstleistungen und Services gibt der Kunde ein f\u00fcr ihn verbindliches Angebot auf Abschluss eines Kaufvertrages ab.<\/p>\n\n\n\n<p>(4) Bei Eingang einer Bestellung \u00fcber unseren Shop gelten folgende Regelungen: Der Kunde gibt ein verbindliches Angebot zum Abschluss eines Kaufvertrages ab, indem er in unserem Shop den \u201eKaufen-Button\u201c bzw. die entsprechend \u00a7 312j Abs. 3 BGB beschriftete Schaltfl\u00e4che anklickt. Der Kunde kann vor dem verbindlichen Absenden der Bestellung, durch Bet\u00e4tigen der in dem von ihm verwendeten Internet-Browser enthaltenen \u201eZur\u00fcck\u201c-Taste, nach Kontrolle seiner Angaben wieder zu der Internetseite gelangen, auf der die Angaben des Kunden erfasst werden und Eingabefehler berichtigt werden k\u00f6nnen bzw. durch Schlie\u00dfen des Internetbrowsers, der Bestellvorgang abgebrochen werden kann. Der Eingang Ihrer Bestellung wird Ihnen per automatischer E-Mail (Bestellbest\u00e4tigung) best\u00e4tigt. Diese Bestellbest\u00e4tigung stellt noch keine Annahme Ihres Angebots dar und begr\u00fcndet noch keinen Vertragsschluss. Der Kaufvertrag kommt erst mit unserer ausdr\u00fccklichen Annahmeerkl\u00e4rung zustande, die durch Zusendung der Rechnung oder Lieferung der Produkte erfolgt.<\/p>\n\n\n\n<p>(5) Der Kunde ist verpflichtet, bei der Bestellung vollst\u00e4ndige und richtige Angaben zu machen. Bei unklaren oder falschen Angaben des Kunden, behalten wir uns das Recht vor, die Bestellung zu stornieren und den Kaufvertrag mit sofortiger Wirkung zu k\u00fcndigen.<\/p>\n\n\n\n<p>(6) Speicherung ihrer Vertragsdaten bei Bestellungen: Wir verwenden ihre Daten f\u00fcr die vollst\u00e4ndige Bearbeitung ihrer Bestellung und geben diese nicht an Dritte weiter.<br>Die AGB k\u00f6nnen Sie jederzeit unter http:\/\/www.birkeakademie.online\/?page_id=76 einsehen. Ihre Bestelldaten sind aus Sicherheitsgr\u00fcnden nicht mehr \u00fcber das Internet zug\u00e4nglich.<\/p>\n\n\n\n<p>(7) &nbsp;Die BirkeAkademie beh\u00e4lt sich bei Online-Seminaren das Recht vor, \u00c4nderungen am Programm, den Terminen und Referenten, vor und w\u00e4hrend der Verkaufsphase vorzunehmen.<\/p>\n\n\n\n<p>(8) F\u00fcr die Richtigkeit der Daten in den Onlineauftritten der BirkeAkademie wird keine Gew\u00e4hr \u00fcbernommen.<br><br>(9) Kommt der Vertrag zwischen der BirkeAkademie und einer juristischen, nat\u00fcrlichen Person, die nach \u00a714 Absatz 1 des BGB als Unternehmer gilt zustande, ist ein Widerrufsrecht des Kaufes ausgeschlossen.<\/p>\n\n\n\n<p>(10) Das untenstehende Widerrufsrecht gilt ausschlie\u00dflich f\u00fcr Kunden (Verbraucher) gem\u00e4\u00df des \u00a7 13 BGB.<\/p>\n\n\n\n<p>(11) Eine Abmeldung oder Stornierung, im nachfolgenden Stornierung genannt, des gebuchten Seminars, erkennen wir nur in schriftlicher Form an.<br>Bei Stornierung bis 4 Wochen vor Seminartermin, f\u00e4llt eine Bearbeitungsgeb\u00fchr von 20% des Seminarpreises an. 4 Wochen vor Seminartermin wird der volle Seminarpreis f\u00e4llig.<br>Gerne bieten wir Ihnen bei Stornierung, einen Gutschein in H\u00f6he des Seminarpreises an.<br>Der Gutschein hat eine G\u00fcltigkeit von 12 Monaten ab Stornierungsdatum.<br><br>(12) Die gebuchten Jahresp\u00e4sse sind bis 14 Tage vor Ablauf der Vertragslaufzeit k\u00fcndbar. Bei nicht fristgerechter K\u00fcndigung, verl\u00e4ngert sich die Vertragslaufzeit um den Zeitraum des gebuchten Jahrespasses. Die Rechnung erfolgt nach Buchung oder Verl\u00e4ngerung der Vertragslaufzeit.<br><br><strong>III. Preise, Versandkosten, Zahlung, F\u00e4lligkeit<\/strong><\/p>\n\n\n\n<p>(1) Die angegebenen Preise der Produkte, Dienstleistungen und Services sind Nettopreise und enthalten nicht die gesetzliche Mehrwertsteuer bzw. Umsatzsteuer und sonstige Preisbestandteile. Hinzu kommen die gesetzlich g\u00fcltigen Steuern, etwaige Versandkosten und sonstige mit dem Kauf verbundenen Zusatzkosten. Der Gesamtpreis wird dem Kunden beim Zahlungsvorgang angezeigt.<\/p>\n\n\n\n<p>(2) Der Gesamtpreis ist bei Bestellung sofort zur Zahlung oder wie in der Rechnung angegeben f\u00e4llig. Die Rechnung wird Ihnen per E-Mail zugesendet und ist ohne Abzug f\u00e4llig.<\/p>\n\n\n\n<p>(3) Der Kunde hat die M\u00f6glichkeit der Zahlung per SEPA-Lastschriftverfahren, PayPal, Kreditkarte (Visa, Mastercard) oder per Rechnung. Der Kunde versichert bei jeder Bestellung und gew\u00e4hlten Zahlart, dass er seiner Zahlungspflicht gem\u00e4\u00df dieser AGB erf\u00fcllen wird.<br><br>(4) Kauf und Zahlung auf Rechnung ist nur f\u00fcr Kunden ab 18 Jahren m\u00f6glich und wenn die Rechnungsadresse innerhalb Deutschlands, \u00d6sterreichs oder der Schweiz liegt.<\/p>\n\n\n\n<p>Zus\u00e4tzlich setzt der Kauf auf Rechnung voraus, dass die vom Kunden angegebene Liefer- und Rechnungsadresse (Name, Unternehmen, Anschrift) korrekt und vollst\u00e4ndig ist. Bei unklaren oder falschen Angaben des Kunden, beh\u00e4lt sich die BirkeAkademie das Recht vor, die Bestellung zu stornieren und den Kaufvertrag mit sofortiger Wirkung zu k\u00fcndigen.<br><br>(5) Die BirkeAkademie beh\u00e4lt sich vor, im Einzelfall bestimmte Zahlungsweisen nicht anzubieten.<br><\/p>\n\n\n\n<p><strong>IV. Lieferung<\/strong><br><br>(1) Die Lieferung erfolgt an die vom Kunden angegebene Lieferadresse (E-Mail, da digitale Produkte, Dienstleistungen und Services).<\/p>\n\n\n\n<p>(2) In der Produktbeschreibung sind Informationen zur Verf\u00fcgbarkeit der Produkte, Dienstleistungen und Services angegeben. Die gekauften Produkte werden an Sie je nach Verf\u00fcgbarkeit schnellstm\u00f6glich versendet. Die Lieferung von Informationen zu gekauften Dienstleistungen wie Online-Seminare oder andere Services, erfolgt ausschlie\u00dflich per E-Mail. Die Lieferung beginnt mit dem Zahlungseingang auf unserem Bankkonto.<\/p>\n\n\n\n<p>(3) Die Angaben zu Verf\u00fcgbarkeiten, Versandzielen und Zustellungen der Produkte, Dienstleistungen und Services sind voraussichtliche Angaben.<br>Sie stellen keine garantierten Versand- und Liefertermine sowie Verf\u00fcgbarkeiten dar.<br>Sollte w\u00e4hrend oder nach ihrer Bestellung\/Kauf, die Verf\u00fcgbarkeit nicht gegeben sein, beh\u00e4lt sich die BirkeAkademie das Recht vor, die Bestellung zu stornieren und den Kaufvertrag zu k\u00fcndigen.<br><\/p>\n\n\n\n<p>(4) Bei Bestellung unseres kostenfreien Newsletters erhalten Sie eine automatisch generierte Best\u00e4tigungsemail. Bitte best\u00e4tigen Sie diese, um den kostenfreien Newsletter zu nutzen. Die Versendung des Newsletters erfolgt nach Bedarf der BirkeAkademie.<\/p>\n\n\n\n<p>(5) Die Gefahr des zuf\u00e4lligen Untergangs und der zuf\u00e4lligen Verschlechterung der verkauften Produkte, geht auch beim Versendungskauf erst mit der \u00dcbergabe der Produkte an den Kunden auf diesen \u00fcber<\/p>\n\n\n\n<p><strong>V. Eigentumsvorbehalt<\/strong><br><br>Wir behalten uns das Eigentum an den Produkten, Dienstleistungen und Services bis zur vollst\u00e4ndigen Bezahlung des Kaufpreises vor.<br><\/p>\n\n\n\n<p><strong>VI. Urheberrechte, Nutzungsrechte, Teilnahmebedingungen<br><\/strong><br>Der Kunde verpflichtet sich mit seinem Besuch auf birkeakademie.online, birkeakademie.de, birkeakademie.com und\/oder dem Kauf der BirkeAkademie Produkte, Dienstleistungen und Services, diese AGB, die darin beschriebenen Urheberrechte, Nutzungsrechte, Teilnahmebedingungen und die Datenschutzerkl\u00e4rung einzuhalten.<br><br>(1) Mit Abschluss des Vertrages wird dem Kunden das Recht einger\u00e4umt, die Produkte, Dienstleistungen und Services wie in dieser AGB erl\u00e4utert zu nutzen, es gelten die gesetzlichen Bestimmungen.<br><br>Die Nutzung ist im nachfolgend beschrieben und ist f\u00fcr den Kunden beschr\u00e4nkt.<\/p>\n\n\n\n<p>(2) Alle Produkte, Dienstleistungen, Services (inklusive Newsletter), dargestellten Inhalten auf den Webseiten der BirkeAkademie (Texte, Abbildungen etc.) sind Urheberrechtlich gesch\u00fctzt und d\u00fcrfen nicht ohne schriftliche Genehmigung der BirkeAkademie verwendet, vervielf\u00e4ltigt, entgeltlich oder unentgeltlich weitergegeben oder ver\u00e4u\u00dfert werden.<br><br>(3) Die Werbliche Nutzung au\u00dferhalb der Webseiten der BirkeAkademie ist nicht gestattet.<br><br>(4) Der Kunde erh\u00e4lt mit dem Kauf von Produkten und Dienstleistungen der BirkeAkademie nachfolgendes eingeschr\u00e4nktes Nutzungsrecht,<br><br>(4.1) Die Nutzung der Produkte ist auf den eigenen pers\u00f6nlichen Verwendungszweck oder der gebuchten Nutzung beschr\u00e4nkt, hier gilt:<\/p>\n\n\n\n<ul class=\"wp-block-list\">\n<li>1x Seminarpreis = 1x Teilnahme einer Person<\/li>\n\n\n\n<li>1x Produkt = 1x nutzende Person<\/li>\n\n\n\n<li>1x Jahrespass = 1x Unternehmens-Standort.<br><br>Eine Weitergabe an Dritte ist nicht erlaubt.<\/li>\n<\/ul>\n\n\n\n<p>(4.2) Eine Vervielf\u00e4ltigung von erworbenen Produkten, Dienstleistungen und Services und deren gesamte Inhalte ist nicht erlaubt, auch nicht innerhalb des pers\u00f6nlich eigenen Verwendungszweckes.<\/p>\n\n\n\n<p>(4.3) Die Nutzung der erworbenen Dienstleistungen ist personenbezogen und darf nicht weitergegeben oder vervielf\u00e4ltigt werden.<br>Jede Person, die an einem Seminar teilnimmt, muss \u00fcber eine eigene Anmeldung verf\u00fcgen (1x Seminarpreis = 1x Teilnahme einer Person), ansonsten erfolgt eine Nachberechnung f\u00fcr jede weitere teilnehmende Person in H\u00f6he des vollen Seminarpreises.<\/p>\n\n\n\n<p>(4.4) Die Informationen f\u00fcr die Teilnahme an Seminare sind vertraulich.<br>Teilnahme-Links d\u00fcrfen nicht vervielf\u00e4ltigt oder weitergegeben werden.<br>Ein Teilnehmertausch f\u00fcr Seminare ist m\u00f6glich, bitte senden Sie uns dazu <br>vorab eine E-Mail an: <a href=\"mailto:info@birkeakademie.de\">info@birkeakademie.de<\/a>.<br><br>(4.5) Voraussetzungen und Ausstellung von Weiterbildungs-Zertifikaten<\/p>\n\n\n\n<p>Die Ausstellung eines Weiterbildungs-Zertifikats setzt die vollst\u00e4ndige und durchgehende pers\u00f6nliche Teilnahme der angemeldeten Person am gesamten Seminar voraus.<br>Hierf\u00fcr gelten nachfolgende Bedingungen:<\/p>\n\n\n\n<p>Die urspr\u00fcnglich angemeldete und teilnehmende Person hat w\u00e4hrend der gesamten Dauer des Seminars, eine eingeschaltete Kamera und ein funktionsf\u00e4higes Mikrofon bereitzuhalten und zu nutzen. Dies dient der Verifizierung der Anwesenheit und der Sicherstellung der interaktiven Seminarbeteiligung.<\/p>\n\n\n\n<p>Das Seminar ist durchg\u00e4ngig von der urspr\u00fcnglich, angemeldeten und verifizierten Person zu besuchen. Ein Wechsel der teilnehmenden Person w\u00e4hrend des Seminars, auch nur f\u00fcr einzelne Seminarabschnitte, f\u00fchrt zum Erl\u00f6schen des Anspruchs auf ein Weiterbildungs-Zertifikat.<br><br>Die BirkeAkademie ist berechtigt, die Teilnahme als nicht erf\u00fcllt zu werten, sofern die technischen und identifizierbaren Teilnahmebedingungen nicht eingehalten werden .<\/p>\n\n\n\n<p>Bei Nichterf\u00fcllung dieser Bedingungen oder die in den Punkt (4.3) geregelten Voraussetzung einer pers\u00f6nlichen und ungeteilten Seminarteilnahme, erfolgt keine Ausstellung eines Weiterbildungs-Zertifikats. Eine R\u00fcckerstattung des Seminarpreises findet in diesen F\u00e4llen nicht statt.<\/p>\n\n\n\n<p>(5) Dem Kunden ist ohne vorherige schriftliche Zustimmung der BirkeAkademie nicht gestattet: bestellte, gekaufte Produkte, Dienstleistungen (Online Seminare, Pr\u00e4senzseminare, Online-Schulungen, Inhouse-Seminare u.a.) oder Services (Newsletter u.a.) f\u00fcr gewerbliche Zwecke wie Weiterverkauf, \u00dcberschreitung des Nutzungsrechts oder f\u00fcr die Verwendung f\u00fcr Werbung und Marketingzwecke zu verwenden. Im Verdachtsfall ist die BirkeAkademie berechtigt, die Bestellung oder den Kaufvertrag von gekauften Produkten, Dienstleistungen, Services zu k\u00fcndigen, zu stornieren, als ung\u00fcltig zu erkl\u00e4ren oder Schadensersatzanspruch zu stellen. Eine Erstattung von gezahlten Betr\u00e4gen erfolgt in diesen F\u00e4llen nicht.<br><\/p>\n\n\n\n<p><strong>VI. Widerrufsrecht<\/strong><br><br>Widerrufsrecht f\u00fcr Kunden (Verbraucher) gem\u00e4\u00df AGB II. (10)<\/p>\n\n\n\n<p>Jede Bestellung von Produkten, Dienstleistungen und Services ist unmittelbar nach Best\u00e4tigung gem\u00e4\u00df Ziffer II. (4) der BirkeAkademie AGB bindend und verpflichtet zur Abnahme und Bezahlung der bestellten Produkte, Dienstleistungen und Services.<br>Ansonsten gilt f\u00fcr Vertr\u00e4ge mit Kunden gem\u00e4\u00df AGB II. (10) nachfolgendes:<\/p>\n\n\n\n<p>Widerrufsbelehrung<br>Widerrufsrecht<br><\/p>\n\n\n\n<p><strong>Widerrufsbelehrung<\/strong><\/p>\n\n\n\n<p><strong>Widerrufsrecht<\/strong><\/p>\n\n\n\n<p>Kunden (Verbraucher) gem\u00e4\u00df AGB II. (10) haben das Recht, binnen vierzehn Tagen ohne Angabe von Gr\u00fcnden diesen Vertrag zu widerrufen.<\/p>\n\n\n\n<p>Die Widerrufsfrist betr\u00e4gt vierzehn Tage, ab dem Tag, an dem Sie oder ein von Ihnen benannter Dritter, der nicht der Bef\u00f6rderer ist, die Waren in Besitz genommen haben bzw. hat.<\/p>\n\n\n\n<p>Um Ihr Widerrufsrecht auszu\u00fcben, m\u00fcssen Sie uns<\/p>\n\n\n\n<p>BirkeAkademie<br>Antonina Vasianovych<br>Neuer Weg 19<br>19300 Kremmin<br>E-Mail: info@birkeakademie.de<\/p>\n\n\n\n<p>mittels einer eindeutigen Erkl\u00e4rung (z.B. ein mit der Post versandter Brief oder E-Mail) \u00fcber Ihren Entschluss, diesen Vertrag zu widerrufen, informieren. Sie k\u00f6nnen daf\u00fcr das unten angegebene Muster-Widerrufsformular verwenden, das jedoch nicht vorgeschrieben ist.<\/p>\n\n\n\n<p><strong><br>Ausnahmen vom Widerrufsrecht<\/strong><\/p>\n\n\n\n<p>Das Widerrufsrecht besteht nicht bzw. erlischt bei folgenden Vertr\u00e4gen,<\/p>\n\n\n\n<p>\u2022 Digitale Produkte: E-Books, digitale Dateien mit Informationen<\/p>\n\n\n\n<p><strong><br>Widerrufsfolgen<\/strong><\/p>\n\n\n\n<p>Wenn Sie diesen Vertrag widerrufen, haben wir Ihnen alle Zahlungen, die wir von Ihnen erhalten haben, einschlie\u00dflich der Lieferkosten (mit Ausnahme der zus\u00e4tzlichen Kosten, die sich daraus ergeben, dass Sie eine andere Art der Lieferung als die von uns angebotene, g\u00fcnstigste Standardlieferung gew\u00e4hlt haben), unverz\u00fcglich und sp\u00e4testens binnen vierzehn Tagen ab dem Tag zur\u00fcckzuzahlen, an dem die Mitteilung \u00fcber Ihren Widerruf dieses Vertrags bei uns eingegangen ist. F\u00fcr diese R\u00fcckzahlung verwenden wir dasselbe Zahlungsmittel, das Sie bei der urspr\u00fcnglichen Transaktion eingesetzt haben, es sei denn, mit Ihnen wurde ausdr\u00fccklich etwas anderes vereinbart; in keinem Fall werden Ihnen wegen dieser R\u00fcckzahlung Entgelte berechnet.<\/p>\n\n\n\n<p>Im Falle des Widerrufs durch den Kunden (Verbraucher) gilt das Nachfolgende:<\/p>\n\n\n\n<p>Die BirkeAkademie k\u00f6nnen die R\u00fcckzahlung verweigern, bis wir die Waren wieder zur\u00fcckerhalten haben oder bis Sie den Nachweis erbracht haben, dass Sie die Waren zur\u00fcckgesandt haben, je nachdem, welches der fr\u00fchere Zeitpunkt ist.<\/p>\n\n\n\n<p>Der Kunde hat die Ware unverz\u00fcglich und in jedem Fall sp\u00e4testens binnen vierzehn Tagen ab dem Tag, an dem Sie uns \u00fcber den Widerruf dieses Vertrages unterrichten, an uns zur\u00fcckzusenden oder zu \u00fcbergeben. Die Frist ist gewahrt, wenn Sie die Waren vor Ablauf der Frist von vierzehn Tagen absenden. Die Kosten f\u00fcr die R\u00fccksendung tr\u00e4gt der Kunde bzw. Kunde. Bei Verlust und Wertminderung der Waren tr\u00e4gt der Kunde bzw. Kunde den Wertverlust. In diesem Fall ist eine R\u00fcckerstattung des Betrages f\u00fcr die Ware nicht m\u00f6glich.<\/p>\n\n\n\n<p><strong><br>Muster-Widerrufsformular<\/strong><\/p>\n\n\n\n<p>An: BirkeAkademie, Neuer Weg 19, D-19300 Kremmin<br>oder per E-Mail an: info@birkeakademie.de<\/p>\n\n\n\n<p>Hiermit widerrufe(n) ich\/wir (<em>) den von mir\/uns (<\/em>) abgeschlossenen Vertrag \u00fcber den Kauf der folgenden Waren (<em>)\/die Erbringung der folgenden Dienstleistung (<\/em>)<br>Bestellt am (<em>)\/erhalten am (<\/em>)<br>Name des\/der Kunde(s)<br>Anschrift des\/der Kunde(s)<br>Unterschrift des\/der Kunde(s) (nur bei Mitteilung auf Papier)<br>Datum<\/p>\n\n\n\n<p><br>(*) Bitte streichen, wenn dieses nicht zutrifft.<\/p>\n\n\n\n<p>Sie tragen die unmittelbaren Kosten der R\u00fccksendung der Waren.<\/p>\n\n\n\n<p><strong>Ende des Muster-Wiederrufsformular<\/strong><\/p>\n\n\n\n<p><strong><br>Ende der Widerrufsbelehrung<\/strong><\/p>\n\n\n\n<p><strong>VII. Vertragssprache<\/strong><br>Als Vertragssprache steht ausschlie\u00dflich Deutsch zur Verf\u00fcgung.<\/p>\n\n\n\n<p><strong><br>VIII. Minderj\u00e4hrige<\/strong><\/p>\n\n\n\n<p>Die BirkeAkademie bietet keine Produkte, Dienstleistungen und Services f\u00fcr den Kauf durch Minderj\u00e4hrige an. Sind Sie unter 18 Jahren d\u00fcrfen Sie den Kauf auf birkeakadmie.de oder birkeakademie.com nur unter Mitwirkung eines Elternteils oder Erziehungsberechtigten nutzen.<br><br><strong>IX. Schlussklauseln,<\/strong><strong>Salvatorische Klausel<\/strong><\/p>\n\n\n\n<p>Online-Plattform zur au\u00dfergerichtlichen Streitschlichtung sowie Hinweis nach \u00a7 36 VSBG<br>Bei Streitbeilegungsverfahren ist die BirkeAkademie nicht bereit oder verpflichtet vor einer Verbraucherschlichtungsstelle teilzunehmen. Die Streitbeilegungsplattform erreichen Sie unter folgendem Link: www.ec.europa.eu\/consumers\/odr. Dort finden Sie auch weitergehende Informationen zum eigentlichen Verfahren der Online-Streitbeilegung.<\/p>\n\n\n\n<p>Sollte eine Bestimmung dieser AGB unwirksam sein, so wird hiervon die Wirksamkeit der \u00fcbrigen Bestimmungen nicht ber\u00fchrt. Anstelle der unwirksamen Bestimmung tritt eine Regelung, die dem wirtschaftlichen Zweck am n\u00e4chsten kommt.<\/p>\n\n\n\n<p>Stand der AGB 20.05.2025<\/p>\n","protected":false},"excerpt":{"rendered":"<p>Allgemeine Gesch\u00e4ftsbedingungen (AGB) der BirkeAkademie Lesen Sie bitte die AGB der BirkeAkademie sorgf\u00e4ltig, bevor Sie die Produkte, Dienstleistungen und Services der BirkeAkademie nutzen. Durch die Nutzung der Webseiten BirkeAkademie.online, BirkeAkademie.de und BirkeAkademie.com erkl\u00e4ren Sie sich einverstanden mit dieser AGB. I.&nbsp;Geltung gegen\u00fcber Unternehmern und Begriffsdefinitionen (1) Die nachfolgenden Allgemeinen Gesch\u00e4ftsbedingungen gelten f\u00fcr alle Produkte, Dienstleistungen und &hellip; <\/p>\n<p class=\"link-more\"><a href=\"https:\/\/www.birkeakademie.online\/?page_id=76\" class=\"more-link\"><span class=\"screen-reader-text\">\u201eAGB\u201c <\/span>weiterlesen<\/a><\/p>\n","protected":false},"author":1,"featured_media":0,"parent":0,"menu_order":0,"comment_status":"closed","ping_status":"closed","template":"","meta":{"footnotes":""},"class_list":["post-76","page","type-page","status-publish","hentry"],"_links":{"self":[{"href":"https:\/\/www.birkeakademie.online\/index.php?rest_route=\/wp\/v2\/pages\/76","targetHints":{"allow":["GET"]}}],"collection":[{"href":"https:\/\/www.birkeakademie.online\/index.php?rest_route=\/wp\/v2\/pages"}],"about":[{"href":"https:\/\/www.birkeakademie.online\/index.php?rest_route=\/wp\/v2\/types\/page"}],"author":[{"embeddable":true,"href":"https:\/\/www.birkeakademie.online\/index.php?rest_route=\/wp\/v2\/users\/1"}],"replies":[{"embeddable":true,"href":"https:\/\/www.birkeakademie.online\/index.php?rest_route=%2Fwp%2Fv2%2Fcomments&post=76"}],"version-history":[{"count":0,"href":"https:\/\/www.birkeakademie.online\/index.php?rest_route=\/wp\/v2\/pages\/76\/revisions"}],"wp:attachment":[{"href":"https:\/\/www.birkeakademie.online\/index.php?rest_route=%2Fwp%2Fv2%2Fmedia&parent=76"}],"curies":[{"name":"wp","href":"https:\/\/api.w.org\/{rel}","templated":true}]}}